{"id":35,"date":"2017-07-04T08:12:00","date_gmt":"2017-07-04T06:12:00","guid":{"rendered":"https:\/\/drnumanovic.me\/?page_id=35"},"modified":"2022-08-04T18:39:25","modified_gmt":"2022-08-04T16:39:25","slug":"o-nama","status":"publish","type":"page","link":"https:\/\/drnumanovic.me\/en\/o-nama\/","title":{"rendered":"O Nama"},"content":{"rendered":"<div class=\"vc_row wpb_row vc_row-fluid\"><div class=\"wpb_column vc_column_container vc_col-sm-8 vc_col-sm-offset-2 sc_layouts_column_icons_position_left\"><div class=\"vc_column-inner\"><div class=\"wpb_wrapper\"><div class=\"vc_empty_space  vc_custom_1505290037092 height_medium\"   style=\"height: 32px\"><span class=\"vc_empty_space_inner\"><\/span><\/div><div class=\"vc_empty_space  height_huge\"   style=\"height: 32px\"><span class=\"vc_empty_space_inner\"><\/span><\/div><div id=\"\"\n\t\tclass=\"sc_title color_style_link2 sc_title_default\"><h6 class=\"sc_item_subtitle sc_title_subtitle sc_align_center sc_item_title_style_default\">Dental & Aesthetic Clinic Numanovi\u0107!<\/h6><\/div><!-- \/.sc_title --><div class=\"vc_empty_space  vc_custom_1505290067115 height_tiny\"   style=\"height: 32px\"><span class=\"vc_empty_space_inner\"><\/span><\/div><div id=\"\"\n\t\tclass=\"sc_title color_style_default sc_title_default\"><h3 class=\"sc_item_title sc_title_title sc_align_center sc_item_title_style_default\">DOBRO DO\u0160LI U STOMATOLO\u0160KU ORDINACIJU NUMANOVI\u0106<\/h3><\/div><!-- \/.sc_title --><div class=\"vc_empty_space  vc_custom_1505290093722 height_medium\"   style=\"height: 32px\"><span class=\"vc_empty_space_inner\"><\/span><\/div>\n\t<div  class=\"wpb_single_image wpb_content_element vc_align_center\">\n\t\t\n\t\t<figure class=\"wpb_wrapper vc_figure\">\n\t\t\t<div class=\"vc_single_image-wrapper   vc_box_border_grey\"><img fetchpriority=\"high\" decoding=\"async\" width=\"770\" height=\"282\" src=\"https:\/\/drnumanovic.me\/wp-content\/uploads\/2017\/07\/image-27.jpg\" class=\"vc_single_image-img attachment-full\" alt=\"\" title=\"image-27\" srcset=\"https:\/\/drnumanovic.me\/wp-content\/uploads\/2017\/07\/image-27.jpg 770w, https:\/\/drnumanovic.me\/wp-content\/uploads\/2017\/07\/image-27-300x110.jpg 300w, https:\/\/drnumanovic.me\/wp-content\/uploads\/2017\/07\/image-27-768x281.jpg 768w, https:\/\/drnumanovic.me\/wp-content\/uploads\/2017\/07\/image-27-370x136.jpg 370w, https:\/\/drnumanovic.me\/wp-content\/uploads\/2017\/07\/image-27-760x278.jpg 760w, https:\/\/drnumanovic.me\/wp-content\/uploads\/2017\/07\/image-27-740x271.jpg 740w\" sizes=\"(max-width: 770px) 100vw, 770px\" \/><\/div>\n\t\t<\/figure>\n\t<\/div>\n<div class=\"vc_empty_space  vc_custom_1505290384731 height_medium\"   style=\"height: 32px\"><span class=\"vc_empty_space_inner\"><\/span><\/div>\n\t<div class=\"wpb_text_column wpb_content_element  vc_custom_1658838518399\" >\n\t\t<div class=\"wpb_wrapper\">\n\t\t\t<p style=\"text-align: center;\">U stomatolo\u0161koj ordinaciji Numanovi\u0107, na\u0161a vizija je da sara\u0111ujemo sa pacijentima ne samo da bismo utvrdili uobi\u010dajene stomatolo\u0161ke probleme koji se javljaju, ve\u0107 i da Vas edukujemo i informi\u0161emo o tome kako odr\u017eavati i sprije\u010diti oralne probleme kod ku\u0107e. Na\u0161e usluge su posebno i strate\u0161ki dizajnirane za svakog pacijenta ponaosob, a na\u0161e cjelokupno osoblje je strastveno i odlu\u010dno da pru\u017ei Vama i cijeloj Va\u0161oj porodici visokokvalitetnu stomatolo\u0161ku njegu.<\/p>\n<p style=\"text-align: center;\">Uzbu\u0111eni smo \u0161to ste se pridru\u017eili na\u0161em timu i pozivamo Vas da saznate vi\u0161e o nama u nastavku.<\/p>\n\n\t\t<\/div>\n\t<\/div>\n<div class=\"vc_empty_space  vc_custom_1505290454220 height_medium\"   style=\"height: 32px\"><span class=\"vc_empty_space_inner\"><\/span><\/div><div class=\"vc_empty_space  height_huge\"   style=\"height: 32px\"><span class=\"vc_empty_space_inner\"><\/span><\/div><\/div><\/div><\/div><\/div><div data-vc-full-width=\"true\" data-vc-full-width-init=\"false\" class=\"vc_row wpb_row vc_row-fluid vc_custom_1505399291582 vc_row-has-fill\"><div class=\"wpb_column vc_column_container vc_col-sm-6 sc_layouts_column_icons_position_left\"><div class=\"vc_column-inner\"><div class=\"wpb_wrapper\"><div class=\"vc_empty_space  vc_custom_1659631073870 height_small\"   style=\"height: 32px\"><span class=\"vc_empty_space_inner\"><\/span><\/div><div id=\"\"\n\t\tclass=\"sc_title color_style_link2 sc_title_default\"><h6 class=\"sc_item_subtitle sc_title_subtitle sc_align_left sc_item_title_style_default\">Dental & Aesthetic Clinic Numanovi\u0107!<\/h6><\/div><!-- \/.sc_title --><div class=\"vc_empty_space  vc_custom_1505292681694 height_tiny\"   style=\"height: 32px\"><span class=\"vc_empty_space_inner\"><\/span><\/div><div id=\"\"\n\t\tclass=\"sc_title color_style_default sc_title_default\"><h3 class=\"sc_item_title sc_title_title sc_align_left sc_item_title_style_default\">Za\u0161to izabrati nas?<\/h3><div class=\"sc_item_descr sc_title_descr sc_align_left\"><p>Mi smo stomatolo\u0161ka ordinacija koja nudi \u010ditav niz usluga. Bilo da je vrijeme za Va\u0161e redovne stomatolo\u0161ke preglede ili \u017eelite da pobolj\u0161ate svoj osmijeh, na\u0161 tim u stomatolo\u0161koj ordinaciji Numanovi\u0107 ima sve \u0161to Vam je potrebno pod jednim krovom. Na\u0161 tim nudi najsavremenije tehnike i procedure koje se mogu prilagoditi kako bi najbolje odgovarale Va\u0161im jedinstvenim potrebama i kako bi dobili zdrav i lijep osmijeh kakav ste oduvijek \u017eeljeli i koji \u0107ete sa ponosom pokazati.<\/p>\n<\/div><\/div><!-- \/.sc_title --><div class=\"vc_empty_space  vc_custom_1505292807261 height_tiny\"   style=\"height: 32px\"><span class=\"vc_empty_space_inner\"><\/span><\/div><a href=\"\/en\/about-1\/\" class=\"sc_button color_style_default sc_button_default sc_button_size_normal sc_button_icon_left\"><span class=\"sc_button_text\"><span class=\"sc_button_title\">Vi\u0161e o na\u0161im uslugama<\/span><\/span><!-- \/.sc_button_text --><\/a><!-- \/.sc_button --><div class=\"vc_empty_space  height_medium\"   style=\"height: 32px\"><span class=\"vc_empty_space_inner\"><\/span><\/div><div class=\"vc_empty_space  height_huge\"   style=\"height: 32px\"><span class=\"vc_empty_space_inner\"><\/span><\/div><\/div><\/div><\/div><div class=\"wpb_column vc_column_container vc_col-sm-6 sc_layouts_column_icons_position_left\"><div class=\"vc_column-inner\"><div class=\"wpb_wrapper\">\n\t<div  class=\"wpb_single_image wpb_content_element vc_align_left\">\n\t\t\n\t\t<figure class=\"wpb_wrapper vc_figure\">\n\t\t\t<div class=\"vc_single_image-wrapper   vc_box_border_grey\"><img decoding=\"async\" width=\"570\" height=\"202\" src=\"https:\/\/drnumanovic.me\/wp-content\/uploads\/2017\/07\/image-28.jpg\" class=\"vc_single_image-img attachment-full\" alt=\"\" title=\"image-28\" srcset=\"https:\/\/drnumanovic.me\/wp-content\/uploads\/2017\/07\/image-28.jpg 570w, https:\/\/drnumanovic.me\/wp-content\/uploads\/2017\/07\/image-28-300x106.jpg 300w, https:\/\/drnumanovic.me\/wp-content\/uploads\/2017\/07\/image-28-370x131.jpg 370w\" sizes=\"(max-width: 570px) 100vw, 570px\" \/><\/div>\n\t\t<\/figure>\n\t<\/div>\n<div class=\"vc_empty_space  vc_custom_1505292540279 height_medium\"   style=\"height: 32px\"><span class=\"vc_empty_space_inner\"><\/span><\/div><div class=\"vc_progress_bar wpb_content_element vc_custom_1659630974257 vc_progress_bar_narrow\" ><div class=\"vc_general vc_single_bar\"><small class=\"vc_label\">Estetska stomatologija <span class=\"vc_label_units\">100%<\/span><\/small><span class=\"vc_bar\" data-percentage-value=\"100\" data-value=\"100\" style=\"background-color:#6ed7d6;\"><\/span><\/div><div class=\"vc_general vc_single_bar\"><small class=\"vc_label\">Dentalni Implantati <span class=\"vc_label_units\">100%<\/span><\/small><span class=\"vc_bar\" data-percentage-value=\"100\" data-value=\"100\" style=\"background-color:#6ed7d6;\"><\/span><\/div><div class=\"vc_general vc_single_bar\"><small class=\"vc_label\">Hollywood Smile <span class=\"vc_label_units\">100%<\/span><\/small><span class=\"vc_bar\" data-percentage-value=\"100\" data-value=\"100\" style=\"background-color:#6ed7d6;\"><\/span><\/div><div class=\"vc_general vc_single_bar\"><small class=\"vc_label\">Ortodoncija <span class=\"vc_label_units\">100%<\/span><\/small><span class=\"vc_bar\" data-percentage-value=\"100\" data-value=\"100\" style=\"background-color:#6ed7d6;\"><\/span><\/div><\/div><div class=\"vc_empty_space  vc_custom_1505292634229 height_medium\"   style=\"height: 32px\"><span class=\"vc_empty_space_inner\"><\/span><\/div><div class=\"vc_empty_space  height_huge\"   style=\"height: 32px\"><span class=\"vc_empty_space_inner\"><\/span><\/div><\/div><\/div><\/div><\/div><div class=\"vc_row-full-width vc_clearfix\"><\/div><div class=\"vc_row wpb_row vc_row-fluid\"><div class=\"wpb_column vc_column_container vc_col-sm-12 sc_layouts_column_icons_position_left\"><div class=\"vc_column-inner\"><div class=\"wpb_wrapper\"><div class=\"vc_empty_space  height_small\"   style=\"height: 32px\"><span class=\"vc_empty_space_inner\"><\/span><\/div><div class=\"sc_team color_style_default sc_team_default\"><h3 class=\"sc_item_title sc_team_title sc_align_center sc_item_title_style_default\">NA\u0160 STRU\u010cNI KADAR<\/h3><div class=\"sc_team_columns_wrap sc_item_columns trx_addons_columns_wrap columns_padding_bottom\"><div class=\"trx_addons_column-1_4\"><div class=\"sc_team_item\">\n\t<div class=\"post_featured with_thumb hover_icon sc_team_item_thumb\"><img decoding=\"async\" width=\"1080\" height=\"1440\" src=\"https:\/\/drnumanovic.me\/wp-content\/uploads\/2017\/07\/viber_image_2022-07-29_18-44-40-471.jpg\" class=\"attachment-prodent-thumb-prodent-thumb-masonry-big size-prodent-thumb-prodent-thumb-masonry-big wp-post-image\" alt=\"Dr Sajma Numanovi\u0107\" srcset=\"https:\/\/drnumanovic.me\/wp-content\/uploads\/2017\/07\/viber_image_2022-07-29_18-44-40-471.jpg 1080w, https:\/\/drnumanovic.me\/wp-content\/uploads\/2017\/07\/viber_image_2022-07-29_18-44-40-471-225x300.jpg 225w, https:\/\/drnumanovic.me\/wp-content\/uploads\/2017\/07\/viber_image_2022-07-29_18-44-40-471-768x1024.jpg 768w, https:\/\/drnumanovic.me\/wp-content\/uploads\/2017\/07\/viber_image_2022-07-29_18-44-40-471-370x493.jpg 370w, https:\/\/drnumanovic.me\/wp-content\/uploads\/2017\/07\/viber_image_2022-07-29_18-44-40-471-760x1013.jpg 760w, https:\/\/drnumanovic.me\/wp-content\/uploads\/2017\/07\/viber_image_2022-07-29_18-44-40-471-740x986.jpg 740w\" sizes=\"(max-width: 1080px) 100vw, 1080px\" \/><div class=\"mask\"><\/div><div class=\"icons\"><a href=\"https:\/\/drnumanovic.me\/en\/team\/dr-sajma-numanovic\/\" aria-hidden=\"true\" class=\"icon-icon12\"><\/a><\/div><\/div>\t<div class=\"sc_team_item_info\">\n\t\t<div class=\"sc_team_item_header\">\n\t\t\t<h4 class=\"sc_team_item_title\"><a href=\"https:\/\/drnumanovic.me\/en\/team\/dr-sajma-numanovic\/\">Dr Sajma Numanovi\u0107<\/a><\/h4>\n\t\t\t<div class=\"sc_team_item_subtitle\">Doktorka stomatologije, Sertifikovani doktor za estetsku medicinu<\/div>\n\t\t<\/div>\n\t\t<div class=\"sc_team_item_content\"><\/div>\n\t\t<div class=\"sc_team_item_socials socials_wrap\"><a target=\"_blank\" href=\"https:\/\/www.instagram.com\/dr_sajma\/\" class=\"social_item social_item_style_icons social_item_type_icons\"><span class=\"social_icon social_instagramm\"><span class=\"icon-instagramm\"><\/span><\/span><\/a><a target=\"_blank\" href=\"https:\/\/www.instagram.com\/numanovic_dental\/\" class=\"social_item social_item_style_icons social_item_type_icons\"><span class=\"social_icon social_instagramm\"><span class=\"icon-instagramm\"><\/span><\/span><\/a><\/div>\t\t<div class=\"sc_team_item_button\"><a href=\"https:\/\/drnumanovic.me\/en\/team\/dr-sajma-numanovic\/\" class=\"sc_button sc_button_simple\">Learn more<\/a><\/div>\n\t<\/div>\n<\/div>\n<\/div><div class=\"trx_addons_column-1_4\"><div class=\"sc_team_item\">\n\t<div class=\"post_featured with_thumb hover_icon sc_team_item_thumb\"><img loading=\"lazy\" decoding=\"async\" width=\"565\" height=\"539\" src=\"https:\/\/drnumanovic.me\/wp-content\/uploads\/2022\/07\/Untitled-1.png\" class=\"attachment-prodent-thumb-prodent-thumb-masonry-big size-prodent-thumb-prodent-thumb-masonry-big wp-post-image\" alt=\"Dr Eldin Numanovi\u0107\" srcset=\"https:\/\/drnumanovic.me\/wp-content\/uploads\/2022\/07\/Untitled-1.png 565w, https:\/\/drnumanovic.me\/wp-content\/uploads\/2022\/07\/Untitled-1-300x286.png 300w, https:\/\/drnumanovic.me\/wp-content\/uploads\/2022\/07\/Untitled-1-370x353.png 370w\" sizes=\"(max-width: 565px) 100vw, 565px\" \/><div class=\"mask\"><\/div><div class=\"icons\"><a href=\"https:\/\/drnumanovic.me\/en\/team\/dr-eldin-numanovic\/\" aria-hidden=\"true\" class=\"icon-icon12\"><\/a><\/div><\/div>\t<div class=\"sc_team_item_info\">\n\t\t<div class=\"sc_team_item_header\">\n\t\t\t<h4 class=\"sc_team_item_title\"><a href=\"https:\/\/drnumanovic.me\/en\/team\/dr-eldin-numanovic\/\">Dr Eldin Numanovi\u0107<\/a><\/h4>\n\t\t\t<div class=\"sc_team_item_subtitle\">Doktor stomatologije<\/div>\n\t\t<\/div>\n\t\t<div class=\"sc_team_item_content\"><\/div>\n\t\t<div class=\"sc_team_item_socials socials_wrap\"><a target=\"_blank\" href=\"https:\/\/www.instagram.com\/numanovic_dental\/\" class=\"social_item social_item_style_icons social_item_type_icons\"><span class=\"social_icon social_instagramm\"><span class=\"icon-instagramm\"><\/span><\/span><\/a><\/div>\t\t<div class=\"sc_team_item_button\"><a href=\"https:\/\/drnumanovic.me\/en\/team\/dr-eldin-numanovic\/\" class=\"sc_button sc_button_simple\">Learn more<\/a><\/div>\n\t<\/div>\n<\/div>\n<\/div><\/div><\/div><!-- \/.sc_team --><\/div><\/div><\/div><\/div><div data-vc-full-width=\"true\" data-vc-full-width-init=\"false\" class=\"vc_row wpb_row vc_row-fluid vc_custom_1499264732518 vc_row-has-fill\"><div class=\"wpb_column vc_column_container vc_col-sm-12 sc_layouts_column_icons_position_left\"><div class=\"vc_column-inner\"><div class=\"wpb_wrapper\"><div class=\"vc_empty_space  vc_custom_1505294170829 height_medium\"   style=\"height: 32px\"><span class=\"vc_empty_space_inner\"><\/span><\/div><div class=\"vc_empty_space  height_huge\"   style=\"height: 32px\"><span class=\"vc_empty_space_inner\"><\/span><\/div><div id=\"\"\n\t\tclass=\"sc_title color_style_default sc_title_default\"><h3 class=\"sc_item_title sc_title_title sc_align_center sc_item_title_style_default\">Tu smo da Vam pomognemo!<\/h3><h6 class=\"sc_item_subtitle sc_title_subtitle sc_align_center sc_item_title_style_default\">KONTAKT INFORMACIJE<\/h6><\/div><!-- \/.sc_title --><div class=\"vc_empty_space  vc_custom_1505294200975 height_medium\"   style=\"height: 32px\"><span class=\"vc_empty_space_inner\"><\/span><\/div><div id=\"\" \n\tclass=\"sc_icons sc_icons_default sc_icons_size_small sc_align_center\"><div class=\"sc_icons_columns_wrap sc_item_columns trx_addons_columns_wrap columns_padding_bottom\"><div class=\"trx_addons_column-1_4\"><div class=\"sc_icons_item sc_icons_item_linked\"><div id=\"_icon-icon7\" class=\"sc_icons_icon sc_icon_type_ icon-icon7\"\n\t\t\t\t\t\t\t\t\t\t\t\t><span class=\"sc_icon_type_ icon-icon7\"><\/span><\/div><h4 class=\"sc_icons_item_title\"><span>Adresa<\/span><\/h4><div class=\"sc_icons_item_description\"><span>13. Jula 5, Podgorica,<\/span><span> 81000<\/span><\/div><a href=\"https:\/\/www.google.com\/maps\/place\/5+13.+Jula,+Podgorica,+%D0%A6%D1%80%D0%BD%D0%B0+%D0%93%D0%BE%D1%80%D0%B0\/@42.445707,19.2536184,17z\/data=!3m1!4b1!4m5!3m4!1s0x134deb342fa98e2d:0xc38d15eedf9bad2b!8m2!3d42.4457031!4d19.2558071\" class=\"sc_icons_item_link\"><\/a><\/div><\/div><div class=\"trx_addons_column-1_4\"><div class=\"sc_icons_item sc_icons_item_linked\"><div id=\"_icon-icon8\" class=\"sc_icons_icon sc_icon_type_ icon-icon8\"\n\t\t\t\t\t\t\t\t\t\t\t\t><span class=\"sc_icon_type_ icon-icon8\"><\/span><\/div><h4 class=\"sc_icons_item_title\"><span>Kontakt telefon<\/span><\/h4><div class=\"sc_icons_item_description\"><span>+382 67 012 392<\/span><\/div><a href=\"tel:+38267012392\" class=\"sc_icons_item_link\"><\/a><\/div><\/div><div class=\"trx_addons_column-1_4\"><div class=\"sc_icons_item sc_icons_item_linked\"><div id=\"_icon-icon9\" class=\"sc_icons_icon sc_icon_type_ icon-icon9\"\n\t\t\t\t\t\t\t\t\t\t\t\t><span class=\"sc_icon_type_ icon-icon9\"><\/span><\/div><h4 class=\"sc_icons_item_title\"><span>Email<\/span><\/h4><div class=\"sc_icons_item_description\"><span>dental@drnumanovic.me<\/span><\/div><a href=\"mailto:dental@drnumanovic.me\" class=\"sc_icons_item_link\"><\/a><\/div><\/div><div class=\"trx_addons_column-1_4\"><div class=\"sc_icons_item\"><div id=\"_icon-icon10\" class=\"sc_icons_icon sc_icon_type_ icon-icon10\"\n\t\t\t\t\t\t\t\t\t\t\t\t><span class=\"sc_icon_type_ icon-icon10\"><\/span><\/div><h4 class=\"sc_icons_item_title\"><span>Radno vrijeme<\/span><\/h4><div class=\"sc_icons_item_description\"><span>Ponedeljak : 12:00-20:00<\/span><span>Utorak        :  12:00-20:00 <\/span><span>Srijeda        :  09:00-17:00<\/span><span>\u010cetvrtak     :  09:00-17:00<\/span><span>Petak         :  09:00-17:00<\/span><\/div><\/div><\/div><\/div><\/div><!-- \/.sc_icons --><div class=\"vc_empty_space  vc_custom_1505294251296 height_large\"   style=\"height: 32px\"><span class=\"vc_empty_space_inner\"><\/span><\/div><\/div><\/div><\/div><\/div><div class=\"vc_row-full-width vc_clearfix\"><\/div><div data-vc-full-width=\"true\" data-vc-full-width-init=\"false\" data-vc-stretch-content=\"true\" class=\"vc_row wpb_row vc_row-fluid vc_row-no-padding\"><div class=\"wpb_column vc_column_container vc_col-sm-12 sc_layouts_column_icons_position_left\"><div class=\"vc_column-inner\"><div class=\"wpb_wrapper\"><div id=\"_wrap\" class=\"sc_googlemap_wrap\"><div id=\"\"\n\t\t\tclass=\"sc_googlemap sc_googlemap_default\"\n\t\t\t style=\"width:100%;height:400px;\"\t\t\tdata-zoom=\"13\"\n\t\t\tdata-style=\"dark\"\n\t\t\tdata-cluster-icon=\"\"\n        ><iframe\n                    src=\"https:\/\/maps.google.com\/maps?t=m&output=embed&iwloc=near&z=13&q=Podgorica+13.+Jula+5\"\n                    scrolling=\"no\"\n                    marginheight=\"0\"\n                    marginwidth=\"0\"\n                    frameborder=\"0\"\n                    aria-label=\"\"><\/iframe><\/div><\/div><!-- \/.sc_googlemap_wrap --><\/div><\/div><\/div><\/div><div class=\"vc_row-full-width vc_clearfix\"><\/div>","protected":false},"excerpt":{"rendered":"","protected":false},"author":1,"featured_media":0,"parent":0,"menu_order":0,"comment_status":"closed","ping_status":"closed","template":"","meta":{"footnotes":""},"class_list":["post-35","page","type-page","status-publish","hentry"],"_links":{"self":[{"href":"https:\/\/drnumanovic.me\/en\/wp-json\/wp\/v2\/pages\/35","targetHints":{"allow":["GET"]}}],"collection":[{"href":"https:\/\/drnumanovic.me\/en\/wp-json\/wp\/v2\/pages"}],"about":[{"href":"https:\/\/drnumanovic.me\/en\/wp-json\/wp\/v2\/types\/page"}],"author":[{"embeddable":true,"href":"https:\/\/drnumanovic.me\/en\/wp-json\/wp\/v2\/users\/1"}],"replies":[{"embeddable":true,"href":"https:\/\/drnumanovic.me\/en\/wp-json\/wp\/v2\/comments?post=35"}],"version-history":[{"count":13,"href":"https:\/\/drnumanovic.me\/en\/wp-json\/wp\/v2\/pages\/35\/revisions"}],"predecessor-version":[{"id":2407,"href":"https:\/\/drnumanovic.me\/en\/wp-json\/wp\/v2\/pages\/35\/revisions\/2407"}],"wp:attachment":[{"href":"https:\/\/drnumanovic.me\/en\/wp-json\/wp\/v2\/media?parent=35"}],"curies":[{"name":"wp","href":"https:\/\/api.w.org\/{rel}","templated":true}]}}