{"id":2147,"date":"2022-07-27T18:28:48","date_gmt":"2022-07-27T16:28:48","guid":{"rendered":"https:\/\/drnumanovic.me\/?page_id=2147"},"modified":"2022-09-07T13:38:46","modified_gmt":"2022-09-07T11:38:46","slug":"estetske-usluge","status":"publish","type":"page","link":"https:\/\/drnumanovic.me\/en\/estetske-usluge\/","title":{"rendered":"Estetske usluge"},"content":{"rendered":"<div class=\"vc_row wpb_row vc_row-fluid\"><div class=\"wpb_column vc_column_container vc_col-sm-12 sc_layouts_column_icons_position_left\"><div class=\"vc_column-inner\"><div class=\"wpb_wrapper\"><div class=\"vc_empty_space  vc_custom_1505221352994 height_medium\"   style=\"height: 32px\"><span class=\"vc_empty_space_inner\"><\/span><\/div><div class=\"vc_empty_space  height_huge\"   style=\"height: 32px\"><span class=\"vc_empty_space_inner\"><\/span><\/div><div class=\"sc_services color_style_default sc_services_callouts sc_services_featured_top sc_services_popup sc_post_details_popup\"><h3 class=\"sc_item_title sc_services_title sc_align_center sc_item_title_style_default sc_item_title_tag\">ESTETSKE USLUGE<\/h3><div class=\"sc_services_columns_wrap sc_item_columns sc_item_columns_5 trx_addons_columns_wrap columns_padding_bottom\"><div class=\"trx_addons_column-1_5\"><div class=\"sc_services_item without_content with_image sc_services_item_featured_top\" data-post_id=\"2470\" data-post_type=\"cpt_services\">\n\t<div class=\"sc_services_item_marker_bg\"><\/div><div class=\"sc_services_item_thumb sc_services_item_marker\" style=\"background-image: url(https:\/\/drnumanovic.me\/wp-content\/uploads\/2022\/08\/fileri.png);\"><\/div><div class=\"sc_services_item_thumb sc_services_item_marker sc_services_item_marker_back\" style=\"background-image: url(https:\/\/drnumanovic.me\/wp-content\/uploads\/2022\/08\/fileri.png);\"><\/div>\t\n\t<div class=\"sc_services_item_info\">\n\t\t<div class=\"sc_services_item_header\">\n\t\t\t<h4 class=\"sc_services_item_title\"><a href=\"https:\/\/drnumanovic.me\/en\/services\/hijaluronski-fileri\/\">Hijaluronski fileri<\/a><\/h4>\n\t\t<\/div>\n\t\t        <div class=\"sc_services_item_button sc_item_button\"><a href=\"https:\/\/drnumanovic.me\/en\/services\/hijaluronski-fileri\/\" class=\"sc_button sc_button_simple\">More info<\/a><\/div>\n    <\/div>\n<\/div>\n<\/div><div class=\"trx_addons_column-1_5\"><div class=\"sc_services_item without_content with_image sc_services_item_featured_top\" data-post_id=\"2472\" data-post_type=\"cpt_services\">\n\t<div class=\"sc_services_item_marker_bg\"><\/div><div class=\"sc_services_item_thumb sc_services_item_marker\" style=\"background-image: url(https:\/\/drnumanovic.me\/wp-content\/uploads\/2022\/07\/7777777.png);\"><\/div><div class=\"sc_services_item_thumb sc_services_item_marker sc_services_item_marker_back\" style=\"background-image: url(https:\/\/drnumanovic.me\/wp-content\/uploads\/2022\/07\/7777777.png);\"><\/div>\t\n\t<div class=\"sc_services_item_info\">\n\t\t<div class=\"sc_services_item_header\">\n\t\t\t<h4 class=\"sc_services_item_title\"><a href=\"https:\/\/drnumanovic.me\/en\/services\/mezoterapija\/\">Mezoterapija<\/a><\/h4>\n\t\t<\/div>\n\t\t        <div class=\"sc_services_item_button sc_item_button\"><a href=\"https:\/\/drnumanovic.me\/en\/services\/mezoterapija\/\" class=\"sc_button sc_button_simple\">More info<\/a><\/div>\n    <\/div>\n<\/div>\n<\/div><div class=\"trx_addons_column-1_5\"><div class=\"sc_services_item without_content with_image sc_services_item_featured_top\" data-post_id=\"2473\" data-post_type=\"cpt_services\">\n\t<div class=\"sc_services_item_marker_bg\"><\/div><div class=\"sc_services_item_thumb sc_services_item_marker\" style=\"background-image: url(https:\/\/drnumanovic.me\/wp-content\/uploads\/2022\/07\/888888.png);\"><\/div><div class=\"sc_services_item_thumb sc_services_item_marker sc_services_item_marker_back\" style=\"background-image: url(https:\/\/drnumanovic.me\/wp-content\/uploads\/2022\/07\/888888.png);\"><\/div>\t\n\t<div class=\"sc_services_item_info\">\n\t\t<div class=\"sc_services_item_header\">\n\t\t\t<h4 class=\"sc_services_item_title\"><a href=\"https:\/\/drnumanovic.me\/en\/services\/hemijski-piling\/\">Hemijski piling<\/a><\/h4>\n\t\t<\/div>\n\t\t        <div class=\"sc_services_item_button sc_item_button\"><a href=\"https:\/\/drnumanovic.me\/en\/services\/hemijski-piling\/\" class=\"sc_button sc_button_simple\">More info<\/a><\/div>\n    <\/div>\n<\/div>\n<\/div><div class=\"trx_addons_column-1_5\"><div class=\"sc_services_item without_content with_image sc_services_item_featured_top\" data-post_id=\"2474\" data-post_type=\"cpt_services\">\n\t<div class=\"sc_services_item_marker_bg\"><\/div><div class=\"sc_services_item_thumb sc_services_item_marker\" style=\"background-image: url(https:\/\/drnumanovic.me\/wp-content\/uploads\/2022\/07\/viber_image_2022-03-22_12-09-37-015.jpg);\"><\/div><div class=\"sc_services_item_thumb sc_services_item_marker sc_services_item_marker_back\" style=\"background-image: url(https:\/\/drnumanovic.me\/wp-content\/uploads\/2022\/07\/viber_image_2022-03-22_12-09-37-015.jpg);\"><\/div>\t\n\t<div class=\"sc_services_item_info\">\n\t\t<div class=\"sc_services_item_header\">\n\t\t\t<h4 class=\"sc_services_item_title\"><a href=\"https:\/\/drnumanovic.me\/en\/services\/mezoniti\/\">Mezoniti<\/a><\/h4>\n\t\t<\/div>\n\t\t        <div class=\"sc_services_item_button sc_item_button\"><a href=\"https:\/\/drnumanovic.me\/en\/services\/mezoniti\/\" class=\"sc_button sc_button_simple\">More info<\/a><\/div>\n    <\/div>\n<\/div>\n<\/div><div class=\"trx_addons_column-1_5\"><div class=\"sc_services_item without_content with_image sc_services_item_featured_top\" data-post_id=\"2475\" data-post_type=\"cpt_services\">\n\t<div class=\"sc_services_item_marker_bg\"><\/div><div class=\"sc_services_item_thumb sc_services_item_marker\" style=\"background-image: url(https:\/\/drnumanovic.me\/wp-content\/uploads\/2022\/07\/viber_image_2022-03-21_19-51-45-568-1.jpg);\"><\/div><div class=\"sc_services_item_thumb sc_services_item_marker sc_services_item_marker_back\" style=\"background-image: url(https:\/\/drnumanovic.me\/wp-content\/uploads\/2022\/07\/viber_image_2022-03-21_19-51-45-568-1.jpg);\"><\/div>\t\n\t<div class=\"sc_services_item_info\">\n\t\t<div class=\"sc_services_item_header\">\n\t\t\t<h4 class=\"sc_services_item_title\"><a href=\"https:\/\/drnumanovic.me\/en\/services\/lipoliza\/\">Lipoliza<\/a><\/h4>\n\t\t<\/div>\n\t\t        <div class=\"sc_services_item_button sc_item_button\"><a href=\"https:\/\/drnumanovic.me\/en\/services\/lipoliza\/\" class=\"sc_button sc_button_simple\">More info<\/a><\/div>\n    <\/div>\n<\/div>\n<\/div><div class=\"trx_addons_column-1_5\"><div class=\"sc_services_item without_content with_image sc_services_item_featured_top\" data-post_id=\"2476\" data-post_type=\"cpt_services\">\n\t<div class=\"sc_services_item_marker_bg\"><\/div><div class=\"sc_services_item_thumb sc_services_item_marker\" style=\"background-image: url(https:\/\/drnumanovic.me\/wp-content\/uploads\/2022\/07\/viber_image_2022-03-22_12-08-35-672.jpg);\"><\/div><div class=\"sc_services_item_thumb sc_services_item_marker sc_services_item_marker_back\" style=\"background-image: url(https:\/\/drnumanovic.me\/wp-content\/uploads\/2022\/07\/viber_image_2022-03-22_12-08-35-672.jpg);\"><\/div>\t\n\t<div class=\"sc_services_item_info\">\n\t\t<div class=\"sc_services_item_header\">\n\t\t\t<h4 class=\"sc_services_item_title\"><a href=\"https:\/\/drnumanovic.me\/en\/services\/biorevitalizacija\/\">Biorevitalizacija<\/a><\/h4>\n\t\t<\/div>\n\t\t        <div class=\"sc_services_item_button sc_item_button\"><a href=\"https:\/\/drnumanovic.me\/en\/services\/biorevitalizacija\/\" class=\"sc_button sc_button_simple\">More info<\/a><\/div>\n    <\/div>\n<\/div>\n<\/div><div class=\"trx_addons_column-1_5\"><div class=\"sc_services_item without_content with_image sc_services_item_featured_top\" data-post_id=\"2477\" data-post_type=\"cpt_services\">\n\t<div class=\"sc_services_item_marker_bg\"><\/div><div class=\"sc_services_item_thumb sc_services_item_marker\" style=\"background-image: url(https:\/\/drnumanovic.me\/wp-content\/uploads\/2022\/07\/viber_image_2022-03-21_19-51-45-223.jpg);\"><\/div><div class=\"sc_services_item_thumb sc_services_item_marker sc_services_item_marker_back\" style=\"background-image: url(https:\/\/drnumanovic.me\/wp-content\/uploads\/2022\/07\/viber_image_2022-03-21_19-51-45-223.jpg);\"><\/div>\t\n\t<div class=\"sc_services_item_info\">\n\t\t<div class=\"sc_services_item_header\">\n\t\t\t<h4 class=\"sc_services_item_title\"><a href=\"https:\/\/drnumanovic.me\/en\/services\/platelet-rich-plasma\/\">Platelet Rich Plasma<\/a><\/h4>\n\t\t<\/div>\n\t\t        <div class=\"sc_services_item_button sc_item_button\"><a href=\"https:\/\/drnumanovic.me\/en\/services\/platelet-rich-plasma\/\" class=\"sc_button sc_button_simple\">More info<\/a><\/div>\n    <\/div>\n<\/div>\n<\/div><\/div><\/div><!-- \/.sc_services --><div class=\"vc_empty_space  vc_custom_1505222924326 height_medium\"   style=\"height: 32px\"><span class=\"vc_empty_space_inner\"><\/span><\/div><div class=\"vc_empty_space  height_huge\"   style=\"height: 32px\"><span class=\"vc_empty_space_inner\"><\/span><\/div><\/div><\/div><\/div><\/div><div data-vc-full-width=\"true\" data-vc-full-width-init=\"false\" class=\"vc_row wpb_row vc_row-fluid vc_custom_1499265903580 vc_row-has-fill\"><div class=\"wpb_column vc_column_container vc_col-sm-12 sc_layouts_column_icons_position_left\"><div class=\"vc_column-inner\"><div class=\"wpb_wrapper\"><div class=\"vc_empty_space  vc_custom_1505224188332 height_medium\"   style=\"height: 32px\"><span class=\"vc_empty_space_inner\"><\/span><\/div><div class=\"vc_empty_space  height_huge\"   style=\"height: 32px\"><span class=\"vc_empty_space_inner\"><\/span><\/div><div class=\"sc_testimonials color_style_default sc_testimonials_default\"><h3 class=\"sc_item_title sc_testimonials_title sc_align_center sc_item_title_style_default\">IZJAVE<\/h3><h6 class=\"sc_item_subtitle sc_testimonials_subtitle sc_align_center sc_item_title_style_default\">\u0160ta na\u0161i pacijenti ka\u017eu o nama<\/h6><div class=\"sc_testimonials_slider sc_item_slider slider_swiper_outer slider_outer slider_outer_controls slider_outer_controls_bottom slider_outer_nopagination slider_outer_multi\">\n\t<div class=\"slider_container swiper-slider-container slider_swiper slider_noresize slider_controls slider_controls_bottom slider_nopagination slider_multi\" data-slides-per-view=\"2\" data-slides-space=\"30\" data-slides-min-width=\"290\" data-pagination=\"bullets\">\n\t\t<div class=\"slides slider-wrapper swiper-wrapper sc_item_columns_2\"><div class=\"slider-slide swiper-slide\"><div class=\"sc_testimonials_item\">\n\t<div class=\"sc_testimonials_item_content\"><p>&#8220;U\u010dinili su moj osmijeh 10 puta boljim. Osoblje je zaista ljubazno i podr\u017eavajuc\u0301e. Pristupa\u010dne cijene za svakoga. Preporu\u010dujem vama i va\u0161oj porodici da do\u0111ete u ordinaciju Numanovi\u0107. Garantujem da c\u0301ete imati izuzetno iskustvo.&#8221;<\/p>\n<p>&nbsp;<\/p>\n<pre id=\"tw-target-rmn\" class=\"tw-data-text tw-text-small tw-ta\" dir=\"ltr\" data-placeholder=\"\"><\/pre>\n<\/div>\n\t<div class=\"sc_testimonials_item_author\">\n\t\t\t\t<div class=\"sc_testimonials_item_author_data\">\n\t\t\t<h4 class=\"sc_testimonials_item_author_title\">Marko Ivanovi\u0107<\/h4>\n\t\t\t<div class=\"sc_testimonials_item_author_subtitle\">38 years<\/div>\n\t\t<\/div>\n\t<\/div>\n<\/div>\n<\/div><div class=\"slider-slide swiper-slide\"><div class=\"sc_testimonials_item\">\n\t<div class=\"sc_testimonials_item_content\"><p>&#8220;Prijateljska atmosfera i vrhunski enterijer. Ve\u0107i dio svog \u017eivota imam fobiju od stomatologa, ali je nestala nakon samo jedne posjete!&#8221;<\/p>\n<\/div>\n\t<div class=\"sc_testimonials_item_author\">\n\t\t\t\t\t<div class=\"sc_testimonials_item_author_avatar\"><img decoding=\"async\" width=\"90\" height=\"90\" src=\"https:\/\/drnumanovic.me\/wp-content\/uploads\/2020\/07\/dddddddd-90x90.png\" class=\"attachment-prodent-thumb-tiny size-prodent-thumb-tiny wp-post-image\" alt=\"Milo\u0161 Vaji\u0107\" srcset=\"https:\/\/drnumanovic.me\/wp-content\/uploads\/2020\/07\/dddddddd-90x90.png 90w, https:\/\/drnumanovic.me\/wp-content\/uploads\/2020\/07\/dddddddd-300x298.png 300w, https:\/\/drnumanovic.me\/wp-content\/uploads\/2020\/07\/dddddddd-150x150.png 150w, https:\/\/drnumanovic.me\/wp-content\/uploads\/2020\/07\/dddddddd-370x370.png 370w, https:\/\/drnumanovic.me\/wp-content\/uploads\/2020\/07\/dddddddd-180x180.png 180w, https:\/\/drnumanovic.me\/wp-content\/uploads\/2020\/07\/dddddddd-280x280.png 280w, https:\/\/drnumanovic.me\/wp-content\/uploads\/2020\/07\/dddddddd-100x100.png 100w, https:\/\/drnumanovic.me\/wp-content\/uploads\/2020\/07\/dddddddd.png 584w\" sizes=\"(max-width: 90px) 100vw, 90px\" \/><\/div>\n\t\t\t\t<div class=\"sc_testimonials_item_author_data\">\n\t\t\t<h4 class=\"sc_testimonials_item_author_title\">Milo\u0161 Vaji\u0107<\/h4>\n\t\t\t<div class=\"sc_testimonials_item_author_subtitle\">30 years<\/div>\n\t\t<\/div>\n\t<\/div>\n<\/div>\n<\/div><div class=\"slider-slide swiper-slide\"><div class=\"sc_testimonials_item\">\n\t<div class=\"sc_testimonials_item_content\"><p>\u201eDr Numanovi\u0107 je veoma saosec\u0301ajan i strastven prema stomatologiji. Uvijek mi je bilo neprijatno da idem kod zubara. Bilo je to najbolje iskustvo. Dr Numanovi\u0107 i njegovo osoblje u\u010dinili su to iskustvo tako ugodnim za mene, tako da sam zahvalan \u0161to sam ga prona\u0161ao.\u201c<\/p>\n<\/div>\n\t<div class=\"sc_testimonials_item_author\">\n\t\t\t\t\t<div class=\"sc_testimonials_item_author_avatar\"><img decoding=\"async\" width=\"90\" height=\"90\" src=\"https:\/\/drnumanovic.me\/wp-content\/uploads\/2017\/07\/image-35-90x90.jpg\" class=\"attachment-prodent-thumb-tiny size-prodent-thumb-tiny wp-post-image\" alt=\"Marija Simonovi\u0107\" srcset=\"https:\/\/drnumanovic.me\/wp-content\/uploads\/2017\/07\/image-35-90x90.jpg 90w, https:\/\/drnumanovic.me\/wp-content\/uploads\/2017\/07\/image-35-300x300.jpg 300w, https:\/\/drnumanovic.me\/wp-content\/uploads\/2017\/07\/image-35-150x150.jpg 150w, https:\/\/drnumanovic.me\/wp-content\/uploads\/2017\/07\/image-35-370x370.jpg 370w, https:\/\/drnumanovic.me\/wp-content\/uploads\/2017\/07\/image-35-180x180.jpg 180w, https:\/\/drnumanovic.me\/wp-content\/uploads\/2017\/07\/image-35.jpg 500w\" sizes=\"(max-width: 90px) 100vw, 90px\" \/><\/div>\n\t\t\t\t<div class=\"sc_testimonials_item_author_data\">\n\t\t\t<h4 class=\"sc_testimonials_item_author_title\">Marija Simonovi\u0107<\/h4>\n\t\t\t<div class=\"sc_testimonials_item_author_subtitle\">31 years<\/div>\n\t\t<\/div>\n\t<\/div>\n<\/div>\n<\/div><div class=\"slider-slide swiper-slide\"><div class=\"sc_testimonials_item\">\n\t<div class=\"sc_testimonials_item_content\"><p>&#8220;Poslije posjete brojnim stomatolozima godinama, kona\u010dno sam prona\u0161ao nekoga kome vjerujem. Bez sumnje, u stomatolo\u0161koj ordinaciji Numanovi\u0107 radi najbri\u017enije i najprofesionalnije osoblje.&#8221;<\/p>\n<\/div>\n\t<div class=\"sc_testimonials_item_author\">\n\t\t\t\t\t<div class=\"sc_testimonials_item_author_avatar\"><img decoding=\"async\" width=\"90\" height=\"90\" src=\"https:\/\/drnumanovic.me\/wp-content\/uploads\/2017\/07\/image-34-90x90.jpg\" class=\"attachment-prodent-thumb-tiny size-prodent-thumb-tiny wp-post-image\" alt=\"Suzana Markovi\u0107\" srcset=\"https:\/\/drnumanovic.me\/wp-content\/uploads\/2017\/07\/image-34-90x90.jpg 90w, https:\/\/drnumanovic.me\/wp-content\/uploads\/2017\/07\/image-34-300x300.jpg 300w, https:\/\/drnumanovic.me\/wp-content\/uploads\/2017\/07\/image-34-150x150.jpg 150w, https:\/\/drnumanovic.me\/wp-content\/uploads\/2017\/07\/image-34-370x370.jpg 370w, https:\/\/drnumanovic.me\/wp-content\/uploads\/2017\/07\/image-34-180x180.jpg 180w, https:\/\/drnumanovic.me\/wp-content\/uploads\/2017\/07\/image-34.jpg 500w\" sizes=\"(max-width: 90px) 100vw, 90px\" \/><\/div>\n\t\t\t\t<div class=\"sc_testimonials_item_author_data\">\n\t\t\t<h4 class=\"sc_testimonials_item_author_title\">Suzana Markovi\u0107<\/h4>\n\t\t\t<div class=\"sc_testimonials_item_author_subtitle\">22 years<\/div>\n\t\t<\/div>\n\t<\/div>\n<\/div>\n<\/div><\/div><\/div><div class=\"slider_controls_wrap\"><a class=\"slider_prev swiper-button-prev\" href=\"#\"><\/a><a class=\"slider_next swiper-button-next\" href=\"#\"><\/a><\/div><\/div><\/div><!-- \/.sc_testimonials --><div class=\"vc_empty_space  vc_custom_1505224941792 height_medium\"   style=\"height: 32px\"><span class=\"vc_empty_space_inner\"><\/span><\/div><div class=\"vc_empty_space  height_huge\"   style=\"height: 32px\"><span class=\"vc_empty_space_inner\"><\/span><\/div><\/div><\/div><\/div><\/div><div class=\"vc_row-full-width vc_clearfix\"><\/div><div data-vc-full-width=\"true\" data-vc-full-width-init=\"false\" class=\"vc_row wpb_row vc_row-fluid vc_custom_1505225017255 vc_row-has-fill scheme_dark\"><div class=\"wpb_column vc_column_container vc_col-sm-12 sc_layouts_column_icons_position_left\"><div class=\"vc_column-inner\"><div class=\"wpb_wrapper\"><div class=\"vc_empty_space  vc_custom_1505225272755 height_large\"   style=\"height: 32px\"><span class=\"vc_empty_space_inner\"><\/span><\/div><div  \n\tclass=\"sc_action color_style_default sc_action_simple\"><div class=\"sc_action_content sc_item_content\"><div class=\"sc_action_item sc_action_item_simple sc_action_item_mc\">\n\t\t\t<h3 class=\"sc_action_item_title\"><span>Dobijte najljep\u0161i osmijeh! Pozovite nas!<\/span><\/h3><div class=\"sc_action_item_icon sc_action_item_icon_type_ icon-phone_big1\"\n\t\t\t\t\t\t><span class=\"sc_action_item_icon_type_ icon-phone_big1\"\n\t\t\t\t\t\t\t\t><\/span><\/div><h6 class=\"sc_action_item_subtitle\"><span><a href=\"tel:+38267012392\">067\/012-392<\/a> <\/span><\/h6><div class=\"action_subtitle_separator\"><\/div><a href=\"\/en\/appointments\/\" class=\"sc_action_item_link sc_button\">Make an Appointment<\/a><\/div><\/div><\/div><!-- \/.sc_action --><div class=\"vc_empty_space  vc_custom_1505226493543 height_large\"   style=\"height: 32px\"><span class=\"vc_empty_space_inner\"><\/span><\/div><\/div><\/div><\/div><\/div><div class=\"vc_row-full-width vc_clearfix\"><\/div>","protected":false},"excerpt":{"rendered":"\"Poslije posjete brojnim stomatolozima godinama, kona\\u010dno sam prona\\u0161ao nekoga kome vjerujem. Bez sumnje, u stomatolo\\u0161koj ordinaciji Numanovi\\u0107 radi najbri\\u017enije i najprofesionalnije osoblje.\"","protected":false},"author":1,"featured_media":0,"parent":0,"menu_order":0,"comment_status":"closed","ping_status":"closed","template":"","meta":{"footnotes":""},"class_list":["post-2147","page","type-page","status-publish","hentry"],"_links":{"self":[{"href":"https:\/\/drnumanovic.me\/en\/wp-json\/wp\/v2\/pages\/2147","targetHints":{"allow":["GET"]}}],"collection":[{"href":"https:\/\/drnumanovic.me\/en\/wp-json\/wp\/v2\/pages"}],"about":[{"href":"https:\/\/drnumanovic.me\/en\/wp-json\/wp\/v2\/types\/page"}],"author":[{"embeddable":true,"href":"https:\/\/drnumanovic.me\/en\/wp-json\/wp\/v2\/users\/1"}],"replies":[{"embeddable":true,"href":"https:\/\/drnumanovic.me\/en\/wp-json\/wp\/v2\/comments?post=2147"}],"version-history":[{"count":6,"href":"https:\/\/drnumanovic.me\/en\/wp-json\/wp\/v2\/pages\/2147\/revisions"}],"predecessor-version":[{"id":2499,"href":"https:\/\/drnumanovic.me\/en\/wp-json\/wp\/v2\/pages\/2147\/revisions\/2499"}],"wp:attachment":[{"href":"https:\/\/drnumanovic.me\/en\/wp-json\/wp\/v2\/media?parent=2147"}],"curies":[{"name":"wp","href":"https:\/\/api.w.org\/{rel}","templated":true}]}}