{"id":1633,"date":"2020-09-07T08:31:55","date_gmt":"2020-09-07T06:31:55","guid":{"rendered":"https:\/\/drnumanovic.me\/?page_id=1633"},"modified":"2022-07-30T21:34:13","modified_gmt":"2022-07-30T19:34:13","slug":"dentalni-turizam","status":"publish","type":"page","link":"https:\/\/drnumanovic.me\/en\/dentalni-turizam\/","title":{"rendered":"Dentalni turizam"},"content":{"rendered":"<div data-elementor-type=\"wp-page\" data-elementor-id=\"1633\" class=\"elementor elementor-1633\">\n\t\t\t\t\t\t<section class=\"elementor-section elementor-top-section elementor-element elementor-element-3255e6b elementor-section-boxed elementor-section-height-default elementor-section-height-default\" data-id=\"3255e6b\" data-element_type=\"section\" data-e-type=\"section\">\n\t\t\t\t\t\t<div class=\"elementor-container elementor-column-gap-default\">\n\t\t\t\t\t<div class=\"elementor-column elementor-col-100 elementor-top-column elementor-element elementor-element-387c405\" data-id=\"387c405\" data-element_type=\"column\" data-e-type=\"column\">\n\t\t\t<div class=\"elementor-widget-wrap elementor-element-populated\">\n\t\t\t\t\t\t<div class=\"elementor-element elementor-element-54f12eb elementor-widget elementor-widget-spacer\" data-id=\"54f12eb\" data-element_type=\"widget\" data-e-type=\"widget\" data-widget_type=\"spacer.default\">\n\t\t\t\t<div class=\"elementor-widget-container\">\n\t\t\t\t\t\t\t<div class=\"elementor-spacer\">\n\t\t\t<div class=\"elementor-spacer-inner\"><\/div>\n\t\t<\/div>\n\t\t\t\t\t\t<\/div>\n\t\t\t\t<\/div>\n\t\t\t\t<div class=\"elementor-element elementor-element-bf9843a elementor-widget elementor-widget-heading\" data-id=\"bf9843a\" data-element_type=\"widget\" data-e-type=\"widget\" data-widget_type=\"heading.default\">\n\t\t\t\t<div class=\"elementor-widget-container\">\n\t\t\t\t\t<h2 class=\"elementor-heading-title elementor-size-default\">DENTALNI TURIZAM<\/h2>\t\t\t\t<\/div>\n\t\t\t\t<\/div>\n\t\t\t\t\t<\/div>\n\t\t<\/div>\n\t\t\t\t\t<\/div>\n\t\t<\/section>\n\t\t\t\t<section class=\"elementor-section elementor-top-section elementor-element elementor-element-2732ecd elementor-section-boxed elementor-section-height-default elementor-section-height-default\" data-id=\"2732ecd\" data-element_type=\"section\" data-e-type=\"section\">\n\t\t\t\t\t\t<div class=\"elementor-container elementor-column-gap-default\">\n\t\t\t\t\t<div class=\"elementor-column elementor-col-100 elementor-top-column elementor-element elementor-element-23bbecd\" data-id=\"23bbecd\" data-element_type=\"column\" data-e-type=\"column\">\n\t\t\t<div class=\"elementor-widget-wrap elementor-element-populated\">\n\t\t\t\t\t\t<div class=\"elementor-element elementor-element-5b563b1 elementor-widget elementor-widget-text-editor\" data-id=\"5b563b1\" data-element_type=\"widget\" data-e-type=\"widget\" data-widget_type=\"text-editor.default\">\n\t\t\t\t<div class=\"elementor-widget-container\">\n\t\t\t\t\t\t\t\t\t<p>\u00a0<\/p><p>\u00a0<\/p><p>Dentalni turizam je grana medicinskog turizma koja predstavlja odlazak van granica svoje zemlje zarad dobijanja stomatolo\u0161kih usluga, uz kori\u0161\u0107enje i mini odmora.<\/p><p>Crna Gora je zbog kvaliteta, stru\u010dnosti i pristupa\u010dnih cijena izrazito zanimljiva destinacija za dentalni turizam. Naime iz godine u godinu u Crnoj Gori bilje\u017ei se porast broja turista iz inostranstva koji dolaze zarad stomatolo\u0161kih usluga. Pri tom, zavisno od vrste usluge, tro\u0161kovi dentalnog lije\u010denja znatno su ni\u017ei nego u nekim zapadnim evropskim zemljama.<\/p><p>Zavisno od vrste tretmana, ve\u0107ina zahvata mo\u017ee biti gotova u svega par dana od Va\u0161eg dolaska. Odlu\u010dite li se za posjetu na\u0161oj klinici, garantujemo Vam zna\u010dajnu u\u0161tedu i to bez dugotrajnog \u010dekanja na stomatolo\u0161ke usluge.<\/p><p>Za svakog pacijenta se pravi individualni plan terapije koji \u0107emo uklopiti sa Va\u0161im mogu\u0107nostima za dolazak u Podgoricu. Obezbje\u0111en je do\u010dek na aerodromu, kao i prevoz do smje\u0161taja koji je u blizini na\u0161e ordinacije. Iskoristite kvalitetno svoj odmor i vrijeme, u\u017eivajte u ljepotama Crne Gore, istorijskim znamenitostima i atraktivnim lokacijama sa svojim najdra\u017eima te spojite ugodno sa korisnim.<\/p><p>Ako se odlu\u010dite za dentalni turizam u Crnoj Gori, dobrodo\u0161li ste u na\u0161oj ordinaciji.<\/p>\t\t\t\t\t\t\t\t<\/div>\n\t\t\t\t<\/div>\n\t\t\t\t\t<\/div>\n\t\t<\/div>\n\t\t\t\t\t<\/div>\n\t\t<\/section>\n\t\t\t\t<section class=\"elementor-section elementor-top-section elementor-element elementor-element-753f20d elementor-section-boxed elementor-section-height-default elementor-section-height-default\" data-id=\"753f20d\" data-element_type=\"section\" data-e-type=\"section\">\n\t\t\t\t\t\t<div class=\"elementor-container elementor-column-gap-default\">\n\t\t\t\t\t<div class=\"elementor-column elementor-col-100 elementor-top-column elementor-element elementor-element-752260f\" data-id=\"752260f\" data-element_type=\"column\" data-e-type=\"column\">\n\t\t\t<div class=\"elementor-widget-wrap elementor-element-populated\">\n\t\t\t\t\t\t<div class=\"elementor-element elementor-element-3b2c607 elementor-widget elementor-widget-spacer\" data-id=\"3b2c607\" data-element_type=\"widget\" data-e-type=\"widget\" data-widget_type=\"spacer.default\">\n\t\t\t\t<div class=\"elementor-widget-container\">\n\t\t\t\t\t\t\t<div class=\"elementor-spacer\">\n\t\t\t<div class=\"elementor-spacer-inner\"><\/div>\n\t\t<\/div>\n\t\t\t\t\t\t<\/div>\n\t\t\t\t<\/div>\n\t\t\t\t\t<\/div>\n\t\t<\/div>\n\t\t\t\t\t<\/div>\n\t\t<\/section>\n\t\t\t\t<section class=\"elementor-section elementor-top-section elementor-element elementor-element-144f610b elementor-section-stretched elementor-section-boxed elementor-section-height-default elementor-section-height-default\" data-id=\"144f610b\" data-element_type=\"section\" data-e-type=\"section\" data-settings=\"{&quot;stretch_section&quot;:&quot;section-stretched&quot;,&quot;background_background&quot;:&quot;classic&quot;}\">\n\t\t\t\t\t\t\t<div class=\"elementor-background-overlay\"><\/div>\n\t\t\t\t\t\t\t<div class=\"elementor-container elementor-column-gap-default\">\n\t\t\t\t\t<div class=\"elementor-column elementor-col-100 elementor-top-column elementor-element elementor-element-448b2583\" data-id=\"448b2583\" data-element_type=\"column\" data-e-type=\"column\">\n\t\t\t<div class=\"elementor-widget-wrap elementor-element-populated\">\n\t\t\t\t\t\t<div class=\"elementor-element elementor-element-2979b580 elementor-widget elementor-widget-spacer\" data-id=\"2979b580\" data-element_type=\"widget\" data-e-type=\"widget\" data-widget_type=\"spacer.default\">\n\t\t\t\t<div class=\"elementor-widget-container\">\n\t\t\t\t\t\t\t<div class=\"elementor-spacer\">\n\t\t\t<div class=\"elementor-spacer-inner\"><\/div>\n\t\t<\/div>\n\t\t\t\t\t\t<\/div>\n\t\t\t\t<\/div>\n\t\t\t\t<div class=\"elementor-element elementor-element-48ad6ab9 elementor-widget elementor-widget-heading\" data-id=\"48ad6ab9\" data-element_type=\"widget\" data-e-type=\"widget\" data-widget_type=\"heading.default\">\n\t\t\t\t<div class=\"elementor-widget-container\">\n\t\t\t\t\t<h3 class=\"elementor-heading-title elementor-size-default\">U\u017eivajte u Va\u0161em odmoru te se vratite ku\u0107i s novim osmijehom po Va\u0161oj mjeri.<\/h3>\t\t\t\t<\/div>\n\t\t\t\t<\/div>\n\t\t\t\t<div class=\"elementor-element elementor-element-68e97a9a elementor-widget elementor-widget-spacer\" data-id=\"68e97a9a\" data-element_type=\"widget\" data-e-type=\"widget\" data-widget_type=\"spacer.default\">\n\t\t\t\t<div class=\"elementor-widget-container\">\n\t\t\t\t\t\t\t<div class=\"elementor-spacer\">\n\t\t\t<div class=\"elementor-spacer-inner\"><\/div>\n\t\t<\/div>\n\t\t\t\t\t\t<\/div>\n\t\t\t\t<\/div>\n\t\t\t\t<div class=\"elementor-element elementor-element-5ef039ba elementor-position-inline-start elementor-widget__width-auto elementor-view-default elementor-mobile-position-block-start elementor-widget elementor-widget-icon-box\" data-id=\"5ef039ba\" data-element_type=\"widget\" data-e-type=\"widget\" data-widget_type=\"icon-box.default\">\n\t\t\t\t<div class=\"elementor-widget-container\">\n\t\t\t\t\t\t\t<div class=\"elementor-icon-box-wrapper\">\n\n\t\t\t\t\t\t<div class=\"elementor-icon-box-icon\">\n\t\t\t\t<span  class=\"elementor-icon\">\n\t\t\t\t<svg xmlns=\"http:\/\/www.w3.org\/2000\/svg\" xmlns:xlink=\"http:\/\/www.w3.org\/1999\/xlink\" id=\"Layer_1\" x=\"0px\" y=\"0px\" width=\"1000px\" height=\"1000px\" viewbox=\"0 0 1000 1000\" xml:space=\"preserve\"><path fill=\"\" d=\"M976.955,785.79l-95.078,186.136c-8.694,16.985-26.031,27.74-45.077,28.041c-0.503,0-1.357,0-2.563,0  c-34.574,0-355.84-7.086-587.932-263.174C-5.813,480.529,15.519,145.067,16.549,130.921c1.407-19.146,13.367-35.956,31.006-43.519  L241.129,4.158c20.604-8.895,44.7-3.317,59.349,13.744l134.376,156.387c16.433,19.121,16.609,47.288,0.427,66.585l-92.943,110.908  c13.166,37.74,41.333,108.848,79.902,153.824c18.493,21.584,16.005,54.047-5.578,72.54c-21.609,18.493-54.122,16.031-72.565-5.578  C275.2,492.188,236.732,360.4,235.124,354.847c-4.724-16.458-0.98-34.172,10-47.288l83.219-99.299l-81.284-94.601l-128.17,55.102  c1.608,82.188,22.765,314.859,199.705,494.663c0.352,0.352,3.241,3.467,3.593,3.819C492.091,854.737,723.48,889.26,805.291,895.642  l62.766-122.918l-93.219-90.907l-114.526,71.56c-24.021,15.026-55.831,7.638-70.882-16.433  c-15.051-24.071-7.714-55.831,16.408-70.907l148.798-92.917c20.051-12.513,46.132-9.799,63.168,6.834l149.251,145.582  C983.186,741.266,987.206,765.689,976.955,785.79z\"><\/path><\/svg>\t\t\t\t<\/span>\n\t\t\t<\/div>\n\t\t\t\n\t\t\t\n\t\t<\/div>\n\t\t\t\t\t\t<\/div>\n\t\t\t\t<\/div>\n\t\t\t\t<div class=\"elementor-element elementor-element-47dd9c1a elementor-widget__width-auto elementor-widget elementor-widget-icon-box\" data-id=\"47dd9c1a\" data-element_type=\"widget\" data-e-type=\"widget\" data-widget_type=\"icon-box.default\">\n\t\t\t\t<div class=\"elementor-widget-container\">\n\t\t\t\t\t\t\t<div class=\"elementor-icon-box-wrapper\">\n\n\t\t\t\n\t\t\t\t\t\t<div class=\"elementor-icon-box-content\">\n\n\t\t\t\t\t\t\t\t\t<div class=\"elementor-icon-box-title\">\n\t\t\t\t\t\t<a href=\"tel:+38267012392\" >\n\t\t\t\t\t\t\t067\/012-392\t\t\t\t\t\t<\/a>\n\t\t\t\t\t<\/div>\n\t\t\t\t\n\t\t\t\t\n\t\t\t<\/div>\n\t\t\t\n\t\t<\/div>\n\t\t\t\t\t\t<\/div>\n\t\t\t\t<\/div>\n\t\t\t\t<div class=\"elementor-element elementor-element-5388465 elementor-widget elementor-widget-spacer\" data-id=\"5388465\" data-element_type=\"widget\" data-e-type=\"widget\" data-widget_type=\"spacer.default\">\n\t\t\t\t<div class=\"elementor-widget-container\">\n\t\t\t\t\t\t\t<div class=\"elementor-spacer\">\n\t\t\t<div class=\"elementor-spacer-inner\"><\/div>\n\t\t<\/div>\n\t\t\t\t\t\t<\/div>\n\t\t\t\t<\/div>\n\t\t\t\t<div class=\"elementor-element elementor-element-18666c70 elementor-align-center elementor-widget elementor-widget-button\" data-id=\"18666c70\" data-element_type=\"widget\" data-e-type=\"widget\" data-widget_type=\"button.default\">\n\t\t\t\t<div class=\"elementor-widget-container\">\n\t\t\t\t\t\t\t\t\t<div class=\"elementor-button-wrapper\">\n\t\t\t\t\t<a class=\"elementor-button elementor-button-link elementor-size-sm\" href=\"https:\/\/drnumanovic.me\/en\/appointments\/\">\n\t\t\t\t\t\t<span class=\"elementor-button-content-wrapper\">\n\t\t\t\t\t\t\t\t\t<span class=\"elementor-button-text\">Zaka\u017eite intervenciju<\/span>\n\t\t\t\t\t<\/span>\n\t\t\t\t\t<\/a>\n\t\t\t\t<\/div>\n\t\t\t\t\t\t\t\t<\/div>\n\t\t\t\t<\/div>\n\t\t\t\t<div class=\"elementor-element elementor-element-2e1a98b elementor-widget elementor-widget-spacer\" data-id=\"2e1a98b\" data-element_type=\"widget\" data-e-type=\"widget\" data-widget_type=\"spacer.default\">\n\t\t\t\t<div class=\"elementor-widget-container\">\n\t\t\t\t\t\t\t<div class=\"elementor-spacer\">\n\t\t\t<div class=\"elementor-spacer-inner\"><\/div>\n\t\t<\/div>\n\t\t\t\t\t\t<\/div>\n\t\t\t\t<\/div>\n\t\t\t\t\t<\/div>\n\t\t<\/div>\n\t\t\t\t\t<\/div>\n\t\t<\/section>\n\t\t\t\t<\/div>","protected":false},"excerpt":{"rendered":"<p>DENTALNI TURIZAM \u00a0 \u00a0 Dentalni turizam je grana medicinskog turizma koja predstavlja odlazak van granica svoje zemlje zarad dobijanja stomatolo\u0161kih usluga, uz kori\u0161\u0107enje i mini odmora. Crna Gora je zbog kvaliteta, stru\u010dnosti i pristupa\u010dnih cijena izrazito zanimljiva destinacija za dentalni turizam. Naime iz godine u godinu u Crnoj Gori bilje\u017ei se porast broja turista iz inostranstva koji dolaze zarad stomatolo\u0161kih&hellip;<\/p>","protected":false},"author":1,"featured_media":0,"parent":0,"menu_order":0,"comment_status":"closed","ping_status":"closed","template":"","meta":{"footnotes":""},"class_list":["post-1633","page","type-page","status-publish","hentry"],"_links":{"self":[{"href":"https:\/\/drnumanovic.me\/en\/wp-json\/wp\/v2\/pages\/1633","targetHints":{"allow":["GET"]}}],"collection":[{"href":"https:\/\/drnumanovic.me\/en\/wp-json\/wp\/v2\/pages"}],"about":[{"href":"https:\/\/drnumanovic.me\/en\/wp-json\/wp\/v2\/types\/page"}],"author":[{"embeddable":true,"href":"https:\/\/drnumanovic.me\/en\/wp-json\/wp\/v2\/users\/1"}],"replies":[{"embeddable":true,"href":"https:\/\/drnumanovic.me\/en\/wp-json\/wp\/v2\/comments?post=1633"}],"version-history":[{"count":18,"href":"https:\/\/drnumanovic.me\/en\/wp-json\/wp\/v2\/pages\/1633\/revisions"}],"predecessor-version":[{"id":2279,"href":"https:\/\/drnumanovic.me\/en\/wp-json\/wp\/v2\/pages\/1633\/revisions\/2279"}],"wp:attachment":[{"href":"https:\/\/drnumanovic.me\/en\/wp-json\/wp\/v2\/media?parent=1633"}],"curies":[{"name":"wp","href":"https:\/\/api.w.org\/{rel}","templated":true}]}}